{"id":4345,"date":"2021-09-30T10:50:27","date_gmt":"2021-09-30T08:50:27","guid":{"rendered":"https:\/\/youand.world\/?post_type=product&#038;p=4345"},"modified":"2024-01-28T12:57:21","modified_gmt":"2024-01-28T11:57:21","slug":"membership","status":"publish","type":"product","link":"https:\/\/youand.world\/eo\/memberships\/membership\/","title":{"rendered":"Membership"},"content":{"rendered":"<h5>User Beitrag<\/h5>\n<p>Jeder Betrag beinhaltet das gleiche.<br \/>\nDu entscheidest nach deinem Ermessen und deiner M\u00f6glichkeit mit welchem Monatsbeitrag Du Deinen Beitrag f\u00fcr Dich und die Zukunft leistest.<\/p>\n<ul>\n<li>Social Media zur Steigerung deines Bewusstseins<\/li>\n<li>Achtsamkeitsboard<\/li>\n<li>T\u00e4gliche Berichtigungen um dein Energielevel hoch zu halten<\/li>\n<li>Schwarmintelligenz<\/li>\n<li>Switchboard mit Videointegration und einer Bibliothek<\/li>\n<li>Mitgestaltung der Lerninhalte f\u00fcr die Zukunft<\/li>\n<li>Mitfinanzierung von Projekten anhand der Roadmap<\/li>\n<li>Mitentscheidung bei Vorgeschlagenen Projekten<\/li>\n<li>Du entwickelst das Ressourcenmanagement &#8211; und Verwaltungssystem mit<\/li>\n<\/ul>\n","protected":false},"excerpt":{"rendered":"<p>User Beitrag Jeder Betrag beinhaltet das gleiche. Du entscheidest nach deinem Ermessen und deiner M\u00f6glichkeit mit welchem Monatsbeitrag Du Deinen Beitrag f\u00fcr Dich und die Zukunft leistest. Social Media zur Steigerung deines Bewusstseins Achtsamkeitsboard T\u00e4gliche Berichtigungen um dein Energielevel hoch zu halten Schwarmintelligenz Switchboard mit Videointegration und einer Bibliothek Mitgestaltung der Lerninhalte f\u00fcr die Zukunft &#8230;<\/p>\n<p><a class=\"btn btn-secondary read-more-link\" href=\"https:\/\/youand.world\/eo\/memberships\/membership\/\">Read More<\/a><\/p>\n","protected":false},"featured_media":4014,"comment_status":"open","ping_status":"closed","template":"","meta":{"pmpro_default_level":0,"inline_featured_image":false},"product_cat":[1130],"product_tag":[],"class_list":["post-4345","product","type-product","status-publish","has-post-thumbnail","hentry","product_cat-memberships","pmpro-has-access"],"_links":{"self":[{"href":"https:\/\/youand.world\/eo\/wp-json\/wp\/v3\/product\/4345","targetHints":{"allow":["GET"]}}],"collection":[{"href":"https:\/\/youand.world\/eo\/wp-json\/wp\/v3\/product"}],"about":[{"href":"https:\/\/youand.world\/eo\/wp-json\/wp\/v2\/types\/product"}],"replies":[{"embeddable":true,"href":"https:\/\/youand.world\/eo\/wp-json\/wp\/v2\/comments?post=4345"}],"wp:featuredmedia":[{"embeddable":true,"href":"https:\/\/youand.world\/eo\/wp-json\/wp\/v2\/media\/4014"}],"wp:attachment":[{"href":"https:\/\/youand.world\/eo\/wp-json\/wp\/v2\/media?parent=4345"}],"wp:term":[{"taxonomy":"product_cat","embeddable":true,"href":"https:\/\/youand.world\/eo\/wp-json\/wp\/v2\/product_cat?post=4345"},{"taxonomy":"product_tag","embeddable":true,"href":"https:\/\/youand.world\/eo\/wp-json\/wp\/v2\/product_tag?post=4345"}],"curies":[{"name":"wp","href":"https:\/\/api.w.org\/{rel}","templated":true}]}}